{"id":4557,"date":"2020-10-20T17:36:33","date_gmt":"2020-10-20T15:36:33","guid":{"rendered":"http:\/\/rumont.cz\/ochrana-osobnich-udaju\/"},"modified":"2022-05-20T13:46:50","modified_gmt":"2022-05-20T11:46:50","slug":"ochrana-osobnich-udaju","status":"publish","type":"page","link":"https:\/\/rumont.cz\/de\/ochrana-osobnich-udaju\/","title":{"rendered":"GDPR"},"content":{"rendered":"<p><strong>1.<\/strong> Roman Janou\u0161ek, basierend Zah\u00e1jsk\u00e1 362, 570 01 Litomy\u0161l, beim Gemeindeamt angemeldet in Litomy\u0161li,\u00a0 Verarbeitungen im Falle der Beantwortung einer \u00fcber das Kontaktformular gestellten Frage per E-Mail im Sinne der Verordnung des Europ\u00e4ischen Parlaments und des Rates (EU) \u010d. 2016\/679 zum Schutz nat\u00fcrlicher Personen bei der Verarbeitung personenbezogener Daten, zum freien Datenverkehr und zur Aufhebung der Richtlinie 95\/46\/ES (allgemeine Verordnung zum Schutz personenbezogener Daten) (fr\u00fcher im Folgenden als \u201eVerordnung\u201c bezeichnet), folgende personenbezogene Daten:<\/p>\n<ul>\n<li>Name und Nachname,<\/li>\n<li>Telefon,<\/li>\n<li>und E-mail.<\/li>\n<\/ul>\n<p><strong>2.<\/strong> Name, Vorname, Telefon und E-Mail m\u00fcssen verarbeitet werden, um die \u00fcber das Kontaktformular \u00fcbermittelte Frage zu beantworten. Diese personenbezogenen Daten werden von Roman Janou\u0161ek f\u00fcr einen Zeitraum von 6 Monaten verarbeitet.<\/p>\n<p><strong>3.<\/strong> Die Verarbeitung personenbezogener Daten erfolgt durch Roman Janou\u0161ek, dh den Administrator personenbezogener Daten, aber personenbezogene Daten f\u00fcr dieses Unternehmen k\u00f6nnen auch von folgenden Verarbeitern verarbeitet werden:<br \/>\n<u><\/u><\/p>\n<ul>\n<li>Krekrrr.cz<\/li>\n<\/ul>\n<p><strong>4.<\/strong> Bitte beachten Sie, dass Sie nach dem Datenschutzgesetz das Recht haben:<\/p>\n<ul>\n<li>von uns Auskunft \u00fcber Ihre personenbezogenen Daten verlangen,<\/li>\n<li>eine Erkl\u00e4rung von uns bez\u00fcglich der Verarbeitung personenbezogener Daten verlangen,<\/li>\n<li>Zugang zu diesen Daten von uns anfordern und sie aktualisieren oder korrigieren lassen,<\/li>\n<li>die L\u00f6schung dieser personenbezogenen Daten von uns verlangen \u2013 diese L\u00f6schung f\u00fchrt jedoch zur Beendigung der Vertragsverhandlungen,<\/li>\n<li>Wenn Sie Zweifel an der Einhaltung der Verpflichtungen im Zusammenhang mit der Verarbeitung personenbezogener Daten haben, wenden Sie sich bitte an uns oder das Amt f\u00fcr den Schutz personenbezogener Daten.<\/li>\n<\/ul>\n","protected":false},"excerpt":{"rendered":"<p>1. Roman Janou\u0161ek, basierend Zah\u00e1jsk\u00e1 362, 570 01 Litomy\u0161l, beim Gemeindeamt angemeldet in Litomy\u0161li,\u00a0 Verarbeitungen im Falle der Beantwortung einer \u00fcber das Kontaktformular gestellten Frage per E-Mail im Sinne der Verordnung des Europ\u00e4ischen Parlaments und des Rates (EU) \u010d. 2016\/679 zum Schutz nat\u00fcrlicher Personen bei der Verarbeitung personenbezogener Daten, zum freien Datenverkehr und zur Aufhebung [&hellip;]<\/p>\n","protected":false},"author":1,"featured_media":0,"parent":0,"menu_order":16,"comment_status":"closed","ping_status":"closed","template":"","meta":{"inline_featured_image":false},"_links":{"self":[{"href":"https:\/\/rumont.cz\/de\/wp-json\/wp\/v2\/pages\/4557"}],"collection":[{"href":"https:\/\/rumont.cz\/de\/wp-json\/wp\/v2\/pages"}],"about":[{"href":"https:\/\/rumont.cz\/de\/wp-json\/wp\/v2\/types\/page"}],"author":[{"embeddable":true,"href":"https:\/\/rumont.cz\/de\/wp-json\/wp\/v2\/users\/1"}],"replies":[{"embeddable":true,"href":"https:\/\/rumont.cz\/de\/wp-json\/wp\/v2\/comments?post=4557"}],"version-history":[{"count":0,"href":"https:\/\/rumont.cz\/de\/wp-json\/wp\/v2\/pages\/4557\/revisions"}],"wp:attachment":[{"href":"https:\/\/rumont.cz\/de\/wp-json\/wp\/v2\/media?parent=4557"}],"curies":[{"name":"wp","href":"https:\/\/api.w.org\/{rel}","templated":true}]}}