{"id":4556,"date":"2020-10-20T17:36:33","date_gmt":"2020-10-20T15:36:33","guid":{"rendered":"http:\/\/rumont.cz\/ochrana-osobnich-udaju\/"},"modified":"2022-05-20T13:21:35","modified_gmt":"2022-05-20T11:21:35","slug":"ochrana-osobnich-udaju","status":"publish","type":"page","link":"https:\/\/rumont.cz\/en\/ochrana-osobnich-udaju\/","title":{"rendered":"GDPR"},"content":{"rendered":"<p><strong>1.<\/strong> Roman Janou\u0161ek, with its registered office at Zah\u00e1jsk\u00e1 362, 570 01 Litomy\u0161l,registered at the Town hall in Litomy\u0161li, processes in the case of an answer to a question submitted using the contact form by email within the meaning of European Parliament and Council Regulation (EU) no. 2016\/679 on the protection of individuals with regard to the processing of personal data and on the free movement of such data and repealing Directive 95\/46 \/ ES (General Data Protection Regulation) (hereinafter \u201cthe Regulation\u201d), the following personal data:<\/p>\n<ul>\n<li>name and surname,<\/li>\n<li>phone,<\/li>\n<li>a email.<\/li>\n<\/ul>\n<p><strong>2.<\/strong> Name, surname, telephone and email must be processed to answer the question submitted using the contact form. This personal data will be processed by Roman Janou\u0161ek for a period of 6 months.<\/p>\n<p><strong>3.<\/strong> The processing of personal data is carried out by Roman Janou\u0161ek, ie the administrator of personal data, however, the following processors may also process personal data for this company:<br \/>\n<u><\/u><\/p>\n<ul>\n<li>Krekrrr.cz<\/li>\n<\/ul>\n<p><strong>4.<\/strong> Please note that under the law on the protection of personal data you have the right to:<\/p>\n<ul>\n<li>request information from us about your personal data,<\/li>\n<li>request an explanation from us regarding the processing of personal data,<\/li>\n<li>request access to this data from us and have it updated or corrected,<\/li>\n<li>request the deletion of this personal data from us \u2013 however, this deletion will result in the termination of negotiations on the contract,<\/li>\n<li>if you have any doubts about compliance with the obligations related to the processing of personal data, please contact us or the Office for Personal Data Protection.<\/li>\n<\/ul>\n","protected":false},"excerpt":{"rendered":"<p>1. Roman Janou\u0161ek, with its registered office at Zah\u00e1jsk\u00e1 362, 570 01 Litomy\u0161l,registered at the Town hall in Litomy\u0161li, processes in the case of an answer to a question submitted using the contact form by email within the meaning of European Parliament and Council Regulation (EU) no. 2016\/679 on the protection of individuals with regard [&hellip;]<\/p>\n","protected":false},"author":1,"featured_media":0,"parent":0,"menu_order":17,"comment_status":"closed","ping_status":"closed","template":"","meta":{"inline_featured_image":false},"_links":{"self":[{"href":"https:\/\/rumont.cz\/en\/wp-json\/wp\/v2\/pages\/4556"}],"collection":[{"href":"https:\/\/rumont.cz\/en\/wp-json\/wp\/v2\/pages"}],"about":[{"href":"https:\/\/rumont.cz\/en\/wp-json\/wp\/v2\/types\/page"}],"author":[{"embeddable":true,"href":"https:\/\/rumont.cz\/en\/wp-json\/wp\/v2\/users\/1"}],"replies":[{"embeddable":true,"href":"https:\/\/rumont.cz\/en\/wp-json\/wp\/v2\/comments?post=4556"}],"version-history":[{"count":0,"href":"https:\/\/rumont.cz\/en\/wp-json\/wp\/v2\/pages\/4556\/revisions"}],"wp:attachment":[{"href":"https:\/\/rumont.cz\/en\/wp-json\/wp\/v2\/media?parent=4556"}],"curies":[{"name":"wp","href":"https:\/\/api.w.org\/{rel}","templated":true}]}}